{"id":90,"date":"2016-01-30T18:30:09","date_gmt":"2016-01-30T16:30:09","guid":{"rendered":"http:\/\/www.agentur-aim.com\/aim2\/?page_id=90"},"modified":"2016-02-03T17:42:12","modified_gmt":"2016-02-03T15:42:12","slug":"anfahrt","status":"publish","type":"page","link":"https:\/\/www.agentur-aim.com\/?page_id=90","title":{"rendered":"Anfahrt &#8211; Beschreibung"},"content":{"rendered":"<table id=\"AutoNumber2\" border=\"0\" width=\"580\" cellspacing=\"0\" cellpadding=\"0\">\n<tbody>\n<tr>\n<td valign=\"top\" width=\"766\" height=\"250\"><b><\/b><span style=\"color: #333333; font-family: Arial; font-size: small;\">Die <b>Agentur <img loading=\"lazy\" decoding=\"async\" src=\"http:\/\/www.agentur-aim.com\/redball.jpg\" alt=\"\" width=\"10\" height=\"10\" border=\"0\" \/> aim<\/b> befindet sich inmitten der Metropole Frankfurt &#8211; citynah, direkt am Main.<\/span><\/p>\n<p><span style=\"color: #333333; font-family: Arial; font-size: small;\">Bis zum Hauptbahnhof sind es nur wenige Minuten zu Fu\u00df. Diese gute Anbindung zur Bahn er\u00f6ffnet auch eine optimale Verkn\u00fcpfung zum Rhein-Main-Flughafen Frankfurt.<\/span><\/p>\n<p><span style=\"color: #333333; font-family: Arial; font-size: small;\">\u00dcbrigens, auch sind wir mit dem Schiff zu erreichen. \u00dcber die Anlegestelle Mainkai \/ Eisener Steg landen Sie ziemlich genau vor unserer T\u00fcr.<\/span><\/p>\n<p><span style=\"color: #333333; font-family: Arial; font-size: small;\">Eine detaillierte <strong>Wegbeschreibung als PDF SAMT PARKM\u00d6GLICHKEITEN<\/strong> erhalten Sie \u00fcber einen <b>Klick auf das obere rechte Bild.<\/b><\/span><\/p>\n<p>&nbsp;<\/p>\n<p>&nbsp;<\/p>\n<p><span style=\"color: #333333; font-family: Arial; font-size: small;\"><strong>Routenberechnung:<\/strong> Mit dem <strong>Klick auf das rechte MAP-Bild<\/strong> \u00f6ffnet sich in einem neuen Fenster eine zu uns.\u00a0<b><\/b><\/span><\/p>\n<p>&nbsp;<\/td>\n<td valign=\"top\" width=\"432\" height=\"250\"><b> <span style=\"color: #333333; font-family: Arial; font-size: xx-small;\">\u00a0 <\/span><\/b><\/p>\n<p><a href=\"http:\/\/www.agentur-aim.com\/anfahrt%20aim.pdf\" target=\"_blank\"> <img loading=\"lazy\" decoding=\"async\" src=\"http:\/\/www.agentur-aim.com\/frankfurt.gif\" alt=\"\" width=\"300\" height=\"300\" border=\"0\" \/><\/a><\/p>\n<p>&nbsp;<\/p>\n<p><a href=\"https:\/\/goo.gl\/maps\/NNpxxe2Ga2p\" target=\"_blank\"> <img loading=\"lazy\" decoding=\"async\" class=\"alignnone size-medium wp-image-167\" src=\"http:\/\/www.agentur-aim.com\/aim2\/wp-content\/uploads\/2016\/02\/UMK20-Map-300x136.jpg\" alt=\"UMK20-Map\" width=\"300\" height=\"136\" srcset=\"https:\/\/www.agentur-aim.com\/aim2\/wp-content\/uploads\/2016\/02\/UMK20-Map-300x136.jpg 300w, https:\/\/www.agentur-aim.com\/aim2\/wp-content\/uploads\/2016\/02\/UMK20-Map-624x282.jpg 624w, https:\/\/www.agentur-aim.com\/aim2\/wp-content\/uploads\/2016\/02\/UMK20-Map.jpg 750w\" sizes=\"auto, (max-width: 300px) 100vw, 300px\" \/><\/a><\/td>\n<\/tr>\n<\/tbody>\n<\/table>\n","protected":false},"excerpt":{"rendered":"<p>Die Agentur aim befindet sich inmitten der Metropole Frankfurt &#8211; citynah, direkt am Main. Bis zum Hauptbahnhof sind es nur wenige Minuten zu Fu\u00df. Diese gute Anbindung zur Bahn er\u00f6ffnet auch eine optimale Verkn\u00fcpfung zum Rhein-Main-Flughafen Frankfurt. \u00dcbrigens, auch sind wir mit dem Schiff zu erreichen. \u00dcber die Anlegestelle Mainkai \/ Eisener Steg landen Sie [&hellip;]<\/p>\n","protected":false},"author":1,"featured_media":0,"parent":0,"menu_order":0,"comment_status":"closed","ping_status":"closed","template":"","meta":{"footnotes":""},"class_list":["post-90","page","type-page","status-publish","hentry"],"_links":{"self":[{"href":"https:\/\/www.agentur-aim.com\/index.php?rest_route=\/wp\/v2\/pages\/90","targetHints":{"allow":["GET"]}}],"collection":[{"href":"https:\/\/www.agentur-aim.com\/index.php?rest_route=\/wp\/v2\/pages"}],"about":[{"href":"https:\/\/www.agentur-aim.com\/index.php?rest_route=\/wp\/v2\/types\/page"}],"author":[{"embeddable":true,"href":"https:\/\/www.agentur-aim.com\/index.php?rest_route=\/wp\/v2\/users\/1"}],"replies":[{"embeddable":true,"href":"https:\/\/www.agentur-aim.com\/index.php?rest_route=%2Fwp%2Fv2%2Fcomments&post=90"}],"version-history":[{"count":5,"href":"https:\/\/www.agentur-aim.com\/index.php?rest_route=\/wp\/v2\/pages\/90\/revisions"}],"predecessor-version":[{"id":174,"href":"https:\/\/www.agentur-aim.com\/index.php?rest_route=\/wp\/v2\/pages\/90\/revisions\/174"}],"wp:attachment":[{"href":"https:\/\/www.agentur-aim.com\/index.php?rest_route=%2Fwp%2Fv2%2Fmedia&parent=90"}],"curies":[{"name":"wp","href":"https:\/\/api.w.org\/{rel}","templated":true}]}}