{"id":74,"date":"2016-01-30T18:07:05","date_gmt":"2016-01-30T16:07:05","guid":{"rendered":"http:\/\/www.agentur-aim.com\/aim2\/?page_id=74"},"modified":"2024-11-05T21:29:49","modified_gmt":"2024-11-05T19:29:49","slug":"kirche-2","status":"publish","type":"page","link":"https:\/\/www.agentur-aim.com\/?page_id=74","title":{"rendered":"Forum-Kirche"},"content":{"rendered":"\n<h1 class=\"wp-block-heading\">Auswahl \/ \u00dcbersicht zu kirchlichen\/theologischen Artikel, Vortr\u00e4gen<\/h1>\n\n\n\n<p>Chronologisch absteigend<\/p>\n\n\n\n<p><strong>Kirchengemeinden werden Pfarrstellen zugeordnet<\/strong><br><strong><em>Nudging &amp; Decoying the EKHN?<\/em> (<a href=\"https:\/\/www.agentur-aim.com\/aim2\/wp-content\/uploads\/2024\/11\/2024.10.31-DB_Kirchengemeinden-werden-Pfarrstellen-zugeordnet.pdf\" data-type=\"link\" data-id=\"https:\/\/www.agentur-aim.com\/aim2\/wp-content\/uploads\/2024\/11\/2024.10.31-DB_Kirchengemeinden-werden-Pfarrstellen-zugeordnet.pdf\" target=\"_blank\" rel=\"noreferrer noopener\">Download<\/a>)<\/strong>, 31.10.1024<br>Artikel zur Milleniumreform in der EKHN; aus: <a href=\"https:\/\/nehmtdiemenschenmit.de\" target=\"_blank\" rel=\"noreferrer noopener\">https:\/\/nehmtdiemenschenmit.de<\/a><\/p>\n\n\n\n<p><strong>KI-Predigten <\/strong><br><strong><em>Digital-k\u00fcnstliche Hermeneutik im Praxistest<\/em> (<a href=\"https:\/\/www.agentur-aim.com\/aim2\/wp-content\/uploads\/2024\/11\/DB_KI-Predigten_DtPfbl-10-2024-S.-536-542_kompr.pdf\" data-type=\"link\" data-id=\"https:\/\/www.agentur-aim.com\/aim2\/wp-content\/uploads\/2024\/11\/DB_KI-Predigten_DtPfbl-10-2024-S.-536-542_kompr.pdf\" target=\"_blank\" rel=\"noreferrer noopener\">Download<\/a>)<\/strong><br>in: Deutsches Pfarrerinnen\/Pfarrerblatt 10\/2024, S. 536-542<\/p>\n\n\n\n<p><strong>Kirchliche Prosperit\u00e4t &#8211; Entwicklungslinien und L\u00f6sungsmodelle<\/strong><br><strong>Volkskirchen als versiegende Monopolisten (Entwicklungsbetrachtung!)<\/strong><br><a href=\"http:\/\/agentur-aim.com\/downloads\/kirche\/_DB_Video-Vortrag_Kirchliche-Prosperitaet.mp4\" target=\"_blank\" rel=\"noopener\"><strong>Online-Vortrag (56 Minuten &#8211; echt gut!)<\/strong><\/a> \/ <strong><a href=\"https:\/\/www.agentur-aim.com\/aim2\/wp-content\/uploads\/2022\/11\/DB_keynote_kirchliche_prosperitaet.pdf\" target=\"_blank\" rel=\"noopener\">Powerpoint als PDF mit Links<\/a><br><\/strong>Vortrag auf der <a href=\"https:\/\/www.ibo.de\/kirchenwoche\" target=\"_blank\" rel=\"noopener\">ibo.de \/ Kirchenwoche<\/a> am 10.11.2022 &#8211; Keynote<strong><br><\/strong><\/p>\n\n\n\n<p><strong>Unnot des Evangeliums<br><em>Wie man evangelische Kirche abschafft<\/em> (<a href=\"https:\/\/www.agentur-aim.com\/aim2\/wp-content\/uploads\/2024\/11\/DB_Unnot-des-Evangeliums-DtPfBl.05-2021-S.304-305-komp.pdf\" data-type=\"link\" data-id=\"https:\/\/www.agentur-aim.com\/aim2\/wp-content\/uploads\/2024\/11\/DB_Unnot-des-Evangeliums-DtPfBl.05-2021-S.304-305-komp.pdf\" target=\"_blank\" rel=\"noreferrer noopener\">Download<\/a>)<br><\/strong>in: Deutsches Pfarrerblatt 05\/2021, S. 304-305<\/p>\n\n\n\n<p><strong>Zukunft ohne Zuk\u00fcnftige<br><em>Einsch\u00e4tzungen zu innerkirchlichem Reformverhalten<\/em> <\/strong>(<a href=\"https:\/\/www.agentur-aim.com\/aim2\/wp-content\/uploads\/2022\/03\/DB-Zukunft-ohne-Zukuenftige-Hessisches-Pfarrblatt-1-2021-S.-3-6.pdf\" target=\"_blank\" rel=\"noopener\"><strong>Download<\/strong><\/a>)<br>in: Hessisches Pfarrblatt 1\/2021, S. 3-6<\/p>\n\n\n\n<p><strong>Trauermannschaftsfotos und Sarg-Selfies<br><em>Pastorale Alltagsskurrilit\u00e4ten bei Beerdigungsfeiern<\/em><\/strong><strong> (<a href=\"https:\/\/www.agentur-aim.com\/aim2\/wp-content\/uploads\/2022\/03\/DB-Trauermannschaftsfotos-und-Sarg-Selfies-DtPfrBl-11-2019-640f.pdf\" target=\"_blank\" rel=\"noopener\">Download<\/a>)<\/strong><br>in: Deutsches Pfarrerblatt 11\/2019, S. 640-641<\/p>\n\n\n\n<p><strong>Segensroboter &#8211; rite et recte?<br><em>Eine impulsive, dogmengeschichtliche Herleitung<\/em> (<a href=\"https:\/\/www.agentur-aim.com\/aim2\/wp-content\/uploads\/2022\/03\/DB-Segensroboter_riterecte-DtPfBl-2018.01S.41-42.pdf\" target=\"_blank\" rel=\"noopener\">Download<\/a>)<\/strong><br>in: Deutsches Pfarrerblatt 01\/2018, S. 41-42<\/p>\n\n\n\n<p><strong>Wie mahnt man seine Kirchenleitung ab?<br><em>Pastorale Alltagsfragen theologischer Existenz heute<\/em> <\/strong>(<a href=\"https:\/\/www.agentur-aim.com\/aim2\/wp-content\/uploads\/2022\/03\/KL_abmahnen.pdf\" target=\"_blank\" rel=\"noopener\"><strong>Download<\/strong><\/a><a href=\"http:\/\/www.agentur-aim.com\/downloads\/kirche\/Bildungsreligion.pdf\" target=\"_blank\" rel=\"noopener noreferrer\">)<\/a><br>in: Hessisches Pfarrblatt 2\/2017, S. 35-39<\/p>\n\n\n\n<p><strong>Kirche &#8211; eine raumsoziologische Betrachtung <\/strong><br><strong><em>Praxisanleitung zur Neusicht. was Gemeinde sein kann<\/em><\/strong> <strong>(<a href=\"https:\/\/www.agentur-aim.com\/aim2\/wp-content\/uploads\/2022\/12\/DB_Kirche-Raumsoziologisch.pdf\" target=\"_blank\" rel=\"noopener\">Download<\/a>)<\/strong><br>aus: <a href=\"https:\/\/www.amazon.de\/Kooperation-Konflikt-Spannungslinien-Wandlungsprozesse-Mitgliederbewusstsein\/dp\/3936985316\" data-type=\"link\" data-id=\"https:\/\/www.amazon.de\/Kooperation-Konflikt-Spannungslinien-Wandlungsprozesse-Mitgliederbewusstsein\/dp\/3936985316\" target=\"_blank\" rel=\"noreferrer noopener\">Becker\/H\u00f6hmann, Kooperation &amp; Konflikt, 2016<\/a>, S. 184-198 <br>Buch auf Anfrage mit Nachlass beim Autor.<\/p>\n\n\n\n<p><strong><em>Prognostik in der Kirche &#8211; eine lineare M\u00e4r<\/em> (<a href=\"https:\/\/www.agentur-aim.com\/aim2\/wp-content\/uploads\/2022\/04\/DB-Kirche_PrognostikEntwicklung.pdf\" target=\"_blank\" rel=\"noopener\">Download<\/a>)<\/strong><br>in: Becker\/H\u00f6hmann, Kooperation &amp; Konflikt, 2016, S. 121-148<br>Urspr\u00fcnglich aus dem Jahr 2005 zu &#8222;Kirche der Freiheit&#8220;<\/p>\n\n\n\n<p><strong>Bi-Religi\u00f6s? <em>Wie viele Seelen wohnen in einer Brust?<\/em> (<a href=\"https:\/\/www.agentur-aim.com\/aim2\/wp-content\/uploads\/2022\/03\/Bi-Religoes.pdf\" target=\"_blank\" rel=\"noopener\">Download<\/a>)<\/strong><br>in: Deutsches Pfarrerblatt 10\/2015, S. 583-585<\/p>\n\n\n\n<p><strong>Protestantismus zwischen Bildungsreligion und kirchlichem Banaljournalismus <\/strong>(<a href=\"https:\/\/www.agentur-aim.com\/aim2\/wp-content\/uploads\/2022\/03\/Posteriori-1.pdf\" target=\"_blank\" rel=\"noopener\"><strong>Download<\/strong><\/a>)<br>in: Hessisches Pfarrblatt 2\/2014, S. 31-35<\/p>\n\n\n\n<p><strong>Solitarbestattung<\/strong><br><strong><em>Bestattung ohne Angeh\u00f6rige als evangelische Anforderung<\/em> (<a href=\"https:\/\/www.agentur-aim.com\/aim2\/wp-content\/uploads\/2022\/03\/Becker-Solitarbestattung-9.2013.pdf\" target=\"_blank\" rel=\"noopener\">Download<\/a>)<br><\/strong>in: Pastoraltheologie 9\/2013, 355-370 (Exzerpt => Kurz))<br><strong><a href=\"https:\/\/www.agentur-aim.com\/aim2\/wp-content\/uploads\/2022\/04\/DB_Solitarbestattung_-aus_Becker-Hoehmann-S.329-399.pdf\" target=\"_blank\" rel=\"noopener\">Langfassung<\/a>;<\/strong> aktualisiert 2016\u00a0 (in: Becker\/H\u00f6hmann, Kooperation und Konflikt-Spannungslinien evangelischer Kirchlichkeit, Frankfurt 2016, S. 329-399) mit ausf\u00fchrlichen rechtlichen, theologischen und philosophischen \u00dcberlegungen<br><a href=\"https:\/\/www.agentur-aim.com\/aim2\/wp-content\/uploads\/2022\/03\/Solitarbestattung-Praesentation.pdf\" target=\"_blank\" rel=\"noopener\"><strong>Pr\u00e4sentation f\u00fcr Vortrag &#8222;Solitarbestattung&#8220;<\/strong><\/a><\/p>\n\n\n\n<p><strong>Posteriorit\u00e4tenausschuss<\/strong><br><em><strong>Kirche und Zukunftsgestaltung: Be-Denken<\/strong><\/em> (<a href=\"https:\/\/www.agentur-aim.com\/aim2\/wp-content\/uploads\/2022\/03\/KVI-Posteriori.pdf\" target=\"_blank\" rel=\"noopener\"><strong>Download<\/strong><\/a>)<br>in: Hessisches Pfarrblatt 1\/2013, S. 18-22 (Gek. Fassung vom KVI Artikel)<\/p>\n\n\n\n<p><strong>\u201eWormser Riegel\u201c (<a href=\"https:\/\/www.agentur-aim.com\/aim2\/wp-content\/uploads\/2022\/03\/Wormser_Riegel.pdf\" target=\"_blank\" rel=\"noopener\">Download<\/a>)<\/strong><br>Chancen und Grenzen einer strukturalisierten \u00d6kumene am Beispiel des ACK \u2013 Arbeitsgemeinschaft Christlicher Kirchen in Deutschland<br>in: Deutsches Pfarrerblatt 01\/2013, S. 32-34<\/p>\n\n\n\n<p><strong>Kirche und Posteriorit\u00e4ten<\/strong> \u2013 Kernkompetenz und Priorisierungen als Zukunftsl\u00f6sung? <strong>(<a href=\"http:\/\/www.agentur-aim.com\/downloads\/kirche\/KVI-Posteriori.pdf\" target=\"_blank\" rel=\"noopener noreferrer\">Download<\/a>)<\/strong><br>in KVI ID 04-2012.04, S. 32-39<\/p>\n\n\n\n<p><strong>Kirche in Raum und Zeit (<a href=\"https:\/\/www.agentur-aim.com\/aim2\/wp-content\/uploads\/2022\/03\/DB-Kirche_in_Raum_und_Zeit.pdf\" target=\"_blank\" rel=\"noopener\">Download<\/a>)<\/strong><br>Vortrag KVIID Kongress 2012, 13.06.2012<\/p>\n\n\n\n<p><strong>Funktionale Kirchenverwaltung im Wandel (<a href=\"https:\/\/www.agentur-aim.com\/aim2\/wp-content\/uploads\/2022\/03\/Funktionale_Kirchenverwaltung_im_Wandel.pdf\" target=\"_blank\" rel=\"noopener\">Download<\/a>)<\/strong><br>in: KVIID 02-2012, S. 34-39<\/p>\n\n\n\n<p><strong>Glaubenskurse oder Leben im Glauben? (<a href=\"https:\/\/www.agentur-aim.com\/aim2\/wp-content\/uploads\/2022\/03\/Glaubenskurse_oder_Leben_im_Glauben.pdf\" target=\"_blank\" rel=\"noopener\">Download<\/a>)<\/strong><br>bisher unver\u00f6ffentlicht; Replik auf die neue ev. Zeitschrift \u201e3E\u201c (M\u00e4rz 2012)<\/p>\n\n\n\n<p><strong>Angst und Ausblendung \u2013 6 Jahre \u201eKirche der Freiheit\u201c (<a href=\"https:\/\/www.agentur-aim.com\/aim2\/wp-content\/uploads\/2022\/03\/AngstAusblendung.pdf\" target=\"_blank\" rel=\"noopener\">Download<\/a>)<\/strong><br>in: Zeitzeichen 03\/2012, S. 42-43<\/p>\n\n\n\n<p><strong>Wie man Feuer und Wasser zusammenbringt \u2013 Kirchen und Prozessmanagement (<a href=\"https:\/\/www.agentur-aim.com\/aim2\/wp-content\/uploads\/2022\/03\/KirchenProzessmanagement.pdf\" target=\"_blank\" rel=\"noopener\">Download<\/a>)<\/strong><br>in: KVIID 2012.01, S. 6-8<\/p>\n\n\n\n<p><strong>Pfarrbilder \u2013 Das Plurale im heutigen Pfarrberuf (<\/strong><strong><a href=\"https:\/\/www.agentur-aim.com\/aim2\/wp-content\/uploads\/2022\/03\/Pfarrbilder.pdf\" target=\"_blank\" rel=\"noopener\">Download<\/a>)<\/strong><br>in: Kirche gestalten \u2013 aus der Kirche f\u00fcr die Kirche; Hg. v. Amt f. missionarische Dienste (EKvW), 01\/2011, S. 66-69<\/p>\n\n\n\n<p><strong>Ver\u00e4nderte Welt! Ver\u00e4nderte Kirche &amp; Verwaltung?<\/strong><br>Kritisch-konstruktive Betrachtungen zur Zukunft kirchlicher Organisationssteuerung<br><a href=\"https:\/\/www.agentur-aim.com\/aim2\/wp-content\/uploads\/2022\/03\/KVI_Vortrag.pdf\" target=\"_blank\" rel=\"noopener\">Vortrag KVI-Kongress 9. Juni 2010 \u2013 Mainz<\/a> \/ Artikel in: <a href=\"https:\/\/www.agentur-aim.com\/aim2\/wp-content\/uploads\/2022\/03\/KVI-Artikel.pdf\" target=\"_blank\" rel=\"noopener\">KVI 04-2010, S. 12f<\/a><\/p>\n\n\n\n<p><strong>Arbeitszeiten im heutigen Pfarrberuf (<\/strong><strong><a href=\"https:\/\/www.agentur-aim.com\/aim2\/wp-content\/uploads\/2022\/03\/DB-Arbeitszeiten-im-heutigen-Pfarrberuf.pdf\" target=\"_blank\" rel=\"noopener\">Download<\/a>)<\/strong><br>in: Deutsches Pfarrerblatt 02\/2010, S. 80-85<\/p>\n\n\n\n<p><strong>Theologe &amp; Betriebswirt: Ambivalenzen christlicher Existenz (<\/strong><strong><a href=\"https:\/\/www.agentur-aim.com\/aim2\/wp-content\/uploads\/2022\/03\/DB-TheologeBetriebswirt.pdf\" target=\"_blank\" rel=\"noopener\">Download<\/a>)<\/strong><br>Vortrag Uni M\u00fcnster 5. November 2009<\/p>\n\n\n\n<p><strong>Pfarrberufe zwischen Praxis und Theorie (<a href=\"https:\/\/www.agentur-aim.com\/aim2\/wp-content\/uploads\/2022\/03\/DB-Pfarrberufe.pdf\" target=\"_blank\" rel=\"noopener\">Kurzfassung<\/a>)<\/strong><br>Deutsches Pfarrerblatt 10\/2008; S. 524-530<br>Pfarrberufe zwischen Praxis und Theorie (<a href=\"https:\/\/www.agentur-aim.com\/aim2\/wp-content\/uploads\/2022\/03\/DB-Pfarrberufe-zwischen-Praxis-und-Theorie.pdf\" target=\"_blank\" rel=\"noopener\"><strong>Langfassung<\/strong><\/a>)<\/p>\n\n\n\n<p><strong>Kirchentheorie (<\/strong><strong><a href=\"https:\/\/www.agentur-aim.com\/aim2\/wp-content\/uploads\/2022\/03\/DB-Kirchentheorie.pdf\" target=\"_blank\" rel=\"noopener\">Download<\/a>)<\/strong><br>in: Pastoraltheologie 7\/2007, S. 274-290<\/p>\n\n\n\n<p><strong>Die Kirche ist kein Supertanker (Kirche zur Freiheit) (<\/strong><strong><a href=\"https:\/\/www.agentur-aim.com\/aim2\/wp-content\/uploads\/2022\/03\/DB-Kirche-zur-Freiheit-ZZ12.2006.pdf\" target=\"_blank\" rel=\"noopener\">Download<\/a>)<\/strong><br>in: Zeitzeichen 12 \/ 2006, S. 12-14<\/p>\n\n\n\n<p><strong>Sind die Evangelikalen noch zu retten? (<\/strong><strong><a href=\"https:\/\/www.agentur-aim.com\/aim2\/wp-content\/uploads\/2022\/03\/DB-Evangelikale.pdf\" target=\"_blank\" rel=\"noopener\">Download<\/a>)<\/strong><br>in: Deutsches Pfarrerblatt 9\/2003; S. 461-463<\/p>\n\n\n\n<p><strong>Studie \u2013&nbsp; Berufszufriedenheit im heutigen Pfarrberuf (<\/strong><strong><a href=\"http:\/\/www.pfazi.de\" target=\"_blank\" rel=\"noopener noreferrer\">Link<\/a>)<\/strong><br>1. Personalvollbefragung unter PfarrerInnen in der Ev. Kirche in Hessen und Nassau<br>=&gt; www.pfazi.de<\/p>\n\n\n\n<p><strong>Kirchenmarketing: Die Gemeinde zwischen Gott und der Welt (<\/strong><strong><a href=\"https:\/\/www.agentur-aim.com\/aim2\/wp-content\/uploads\/2022\/03\/DB-Medienmesse.pdf\" target=\"_blank\" rel=\"noopener\">Download<\/a>)<\/strong><br>Vortrag Medienmesse des FFFZ, D\u00fcsseldorf am 25.5.02<\/p>\n\n\n\n<p><strong>Pfarrertest ! (<\/strong><strong><a href=\"https:\/\/www.agentur-aim.com\/aim2\/wp-content\/uploads\/2022\/03\/DB-Pfarrertest.pdf\" target=\"_blank\" rel=\"noopener\">Download<\/a>)<\/strong><br>in: Deutsches Allgemeines Sonntagsblatt Nr. 27 \/ 7.7.2000 \u2013 siehe auch <a href=\"http:\/\/www.pfarrertest.de\">www.pfarrertest.de<\/a><\/p>\n\n\n\n<p><strong>Pastorale Leistung (<\/strong><strong><a href=\"https:\/\/www.agentur-aim.com\/aim2\/wp-content\/uploads\/2022\/03\/DB-Pastorale-Leistung.pdf\" target=\"_blank\" rel=\"noopener\">Download<\/a>)<\/strong><br>in: Evangelische Kommentare (Kurzfassung) 3\/2000, Seite 36f<\/p>\n\n\n\n<p><strong>Kirche &amp; Marketing (<\/strong><strong><a href=\"https:\/\/www.agentur-aim.com\/aim2\/wp-content\/uploads\/2022\/03\/DB-KircheMarketing.pdf\" target=\"_blank\" rel=\"noopener\">Download<\/a>)<\/strong><br>in: Marketing- Irrweg oder Gebot der Vernunft, AEU 1998, Seite 40 \u2013 51<\/p>\n\n\n\n<p><strong>Kirche &amp; Personalauswahl (<\/strong><strong><a href=\"https:\/\/www.agentur-aim.com\/aim2\/wp-content\/uploads\/2022\/03\/DB-KirchePersonalauswahl.pdf\" target=\"_blank\" rel=\"noopener\">Download<\/a>)<\/strong><br>in: Handbuch Unternehmen Kirche, Kognos Verlag, Band 2, 8-2.4 Seite 67 \u2013 83<\/p>\n\n\n\n<p><strong>Die Herausforderung der Kirche der Zukunft <\/strong><strong>(<\/strong><strong><a href=\"https:\/\/www.agentur-aim.com\/aim2\/wp-content\/uploads\/2022\/03\/DB-Herausforderung.pdf\" target=\"_blank\" rel=\"noopener\">Download<\/a>)<\/strong><br>in: Deutsches Pfarrerblatt 12\/95; S. 647 \u2013 650<\/p>\n\n\n\n<p><strong>Bleibende Erw\u00e4hlung&nbsp; <a href=\"https:\/\/www.agentur-aim.com\/aim2\/wp-content\/uploads\/2024\/03\/DB-Gottes-Erwaehlungen-gestern-heute-morgen-Hess.-PfrBl.-3.1992-s.-88-90.pdf\" target=\"_blank\" rel=\"noreferrer noopener\">(Download)<\/a><\/strong><br>in: Hessisches Pfarrblatt 3\/1992, S. 88-90<\/p>\n","protected":false},"excerpt":{"rendered":"<p>Auswahl \/ \u00dcbersicht zu kirchlichen\/theologischen Artikel, Vortr\u00e4gen Chronologisch absteigend Kirchengemeinden werden Pfarrstellen zugeordnetNudging &amp; Decoying the EKHN? (Download), 31.10.1024Artikel zur Milleniumreform in der EKHN; aus: https:\/\/nehmtdiemenschenmit.de KI-Predigten Digital-k\u00fcnstliche Hermeneutik im Praxistest (Download)in: Deutsches Pfarrerinnen\/Pfarrerblatt 10\/2024, S. 536-542 Kirchliche Prosperit\u00e4t &#8211; Entwicklungslinien und L\u00f6sungsmodelleVolkskirchen als versiegende Monopolisten (Entwicklungsbetrachtung!)Online-Vortrag (56 Minuten &#8211; echt gut!) \/ Powerpoint als [&hellip;]<\/p>\n","protected":false},"author":1,"featured_media":0,"parent":0,"menu_order":0,"comment_status":"closed","ping_status":"closed","template":"","meta":{"footnotes":""},"class_list":["post-74","page","type-page","status-publish","hentry"],"_links":{"self":[{"href":"https:\/\/www.agentur-aim.com\/index.php?rest_route=\/wp\/v2\/pages\/74","targetHints":{"allow":["GET"]}}],"collection":[{"href":"https:\/\/www.agentur-aim.com\/index.php?rest_route=\/wp\/v2\/pages"}],"about":[{"href":"https:\/\/www.agentur-aim.com\/index.php?rest_route=\/wp\/v2\/types\/page"}],"author":[{"embeddable":true,"href":"https:\/\/www.agentur-aim.com\/index.php?rest_route=\/wp\/v2\/users\/1"}],"replies":[{"embeddable":true,"href":"https:\/\/www.agentur-aim.com\/index.php?rest_route=%2Fwp%2Fv2%2Fcomments&post=74"}],"version-history":[{"count":57,"href":"https:\/\/www.agentur-aim.com\/index.php?rest_route=\/wp\/v2\/pages\/74\/revisions"}],"predecessor-version":[{"id":371,"href":"https:\/\/www.agentur-aim.com\/index.php?rest_route=\/wp\/v2\/pages\/74\/revisions\/371"}],"wp:attachment":[{"href":"https:\/\/www.agentur-aim.com\/index.php?rest_route=%2Fwp%2Fv2%2Fmedia&parent=74"}],"curies":[{"name":"wp","href":"https:\/\/api.w.org\/{rel}","templated":true}]}}