{"id":61,"date":"2016-01-30T17:45:13","date_gmt":"2016-01-30T15:45:13","guid":{"rendered":"http:\/\/www.agentur-aim.com\/aim2\/?page_id=61"},"modified":"2024-02-01T17:32:08","modified_gmt":"2024-02-01T15:32:08","slug":"vortraege-auszug","status":"publish","type":"page","link":"https:\/\/www.agentur-aim.com\/?page_id=61","title":{"rendered":"Vortr\u00e4ge (Auszug)"},"content":{"rendered":"<table id=\"AutoNumber2\" border=\"0\" width=\"580\" cellspacing=\"0\" cellpadding=\"0\">\n<tbody>\n<tr>\n<td valign=\"top\" width=\"523\" height=\"20\"><b><span style=\"color: #cc0000; font-family: Arial; font-size: small;\">Vortr\u00e4ge (Auszug)<br \/>\n<\/span><\/b><\/td>\n<td align=\"center\" valign=\"bottom\" width=\"54\" height=\"20\"><b> <span style=\"color: #333333; font-family: Arial; font-size: xx-small;\">Download<\/span><\/b><\/td>\n<\/tr>\n<tr>\n<td width=\"523\" height=\"39\"><span style=\"color: #333333; font-family: Arial; font-size: small;\"><b>Ethik als Dienstleistung (Artikel); <\/b>2001<b><br \/>\n<\/b> <\/span> <span style=\"color: #808080; font-family: Arial; font-size: xx-small;\">Artikel aus nachfolgender Vorlesung samt inhaltlicher Pr\u00e4zisierung (Wortneusch\u00f6pfung: Distingenz)<br \/>\nDer Artikel beschreibt, dass die Rolle der Ethik als moralische Instanz ausgedient hat und selten zu aktiven ethischer Praxis f\u00fchrt. Im Artikel wird ausgef\u00fchrt, das Ethik als in Unternehmen einsetzbare Dienstleistung verstanden werden kann, um verantwortliches Handeln strukturell zu erm\u00f6glichen und einem Controllingprozess unterwerfen zu k\u00f6nnen. Ethik wird damit nicht mehr Moralinstanz, sondern Handlungs- und Prozesshilfe.<\/span><\/td>\n<td width=\"54\" height=\"39\">\n<p align=\"center\"><span style=\"font-family: Arial;\">  <a href=\"agentur-aim.com\/downloads\/wirtschaft\/Ethik-als-Dienstleistung.pdf\" target=\"_blank\" rel=\"noopener noreferrer\"><img loading=\"lazy\" decoding=\"async\" class=\"alignnone\" src=\"http:\/\/www.agentur-aim.com\/redball.jpg\" alt=\"\" width=\"10\" height=\"10\" border=\"0\" \/><\/a><\/span><\/p>\n<\/td>\n<\/tr>\n<tr>\n<td width=\"706\" height=\"8\"><span style=\"font-family: Arial; font-size: small;\"><b>Zukunft des Qualit\u00e4tsmanagements<\/b><br \/>\n<\/span><span style=\"color: #808080; font-family: Arial; font-size: xx-small;\">Vergreist das aktuelle Modell der Qualit\u00e4tsmanagement-Steuerung?<br \/>\nVortrag: DGQ (Deutsche Gesellschaft f\u00fcr Qualit\u00e4t) 28.01.2010<\/span><\/td>\n<td height=\"8\">\n<p align=\"center\"><span style=\"font-family: Arial;\">  <a href=\"agentur-aim.com\/downloads\/wirtschaft\/Zukunft-des-QM.pps\" target=\"_blank\" rel=\"noopener noreferrer\"><img loading=\"lazy\" decoding=\"async\" class=\"alignnone\" src=\"http:\/\/www.agentur-aim.com\/redball.jpg\" alt=\"\" width=\"10\" height=\"10\" border=\"0\" \/><\/a><\/span><\/p>\n<\/td>\n<\/tr>\n<tr>\n<td width=\"523\" height=\"42\"><b><span style=\"color: #333333; font-family: Arial; font-size: small;\">Die Zukunft automobilen Denkens und Handelns<\/span><\/b><span style=\"color: #333333; font-family: Arial; font-size: xx-small;\"><br \/>\n<\/span> <span style=\"color: #808080; font-family: Arial; font-size: xx-small;\">Festvortrag beim Dinner des Motor Presse Clubs e. V. am 15. Sept. 2009 (Druckversion)<br \/>\nim CongressCenter, Messe Frankfurt \/ IAA(<a href=\"http:\/\/www.agentur-aim.com\/aim2\/wp-content\/uploads\/2016\/01\/G\u00e4stelisteProgramm_MPC-Dinner_2009.pdf\">G\u00e4steliste+Programm_MPC-Dinner_2009<\/a>)<\/span><\/td>\n<td width=\"54\" height=\"42\">\n<p align=\"center\"><span style=\"font-family: Arial;\">  <a href=\"agentur-aim.com\/downloads\/wirtschaft\/IAA-Rede.pdf\" target=\"_blank\" rel=\"noopener noreferrer\"><img loading=\"lazy\" decoding=\"async\" class=\"alignnone\" src=\"http:\/\/www.agentur-aim.com\/redball.jpg\" alt=\"\" width=\"10\" height=\"10\" border=\"0\" \/><\/a><\/span><\/p>\n<\/td>\n<\/tr>\n<tr>\n<td align=\"left\" valign=\"top\" width=\"523\" height=\"42\"><b> <span style=\"color: #333333; font-family: Arial; font-size: small;\">Kirche als Netzwerkorganisation<\/span><\/b><span style=\"color: #808080; font-family: Arial; font-size: xx-small;\">Vortrag auf der Wittenberg-Tagung zum EKD Papier (Kirche der Freiheit) am 27.01.2007 <\/span><\/p>\n<p><span style=\"color: #cc0000; font-family: Arial; font-size: xx-small;\">M\u00f6chten Sie die Vorlage verbreiten, bitte nur mit schriftlicher Genehmigung des Autors!<\/span><\/p>\n<p><span style=\"color: #cc0000; font-family: Arial; font-size: xx-small;\">\u00a0<a href=\"mailto:becker@agentur-aim.com?subject=Anfrage%20zum%20Vortrag%20in%20Wittenberg%20und%20den%20Pr%C3%A4sentationsunterlagen\">Mail an Dr. Dieter Becker<\/a>\u00a0 <\/span> <span style=\"font-family: Arial; font-size: xx-small;\">Download der Pr\u00e4sentation auf den <span style=\"color: #cc0000;\">roten <\/span>Punkt &#8222;klicken&#8220; =&gt;<\/span><\/p>\n<p><b><span style=\"color: #333333; font-family: Arial; font-size: small;\">\u00a0\u00a0\u00a0\u00a0\u00a0\u00a0\u00a0\u00a0\u00a0\u00a0\u00a0 \u00a0\u00a0\u00a0\u00a0\u00a0 <\/span><\/b><\/td>\n<td width=\"54\" height=\"42\">\n<p align=\"center\"><a href=\"agentur-aim.com\/downloads\/kirche\/Dieter_Becker-Kirche_als_Netzwerkorganisation.pdf\" target=\"_blank\" rel=\"noopener noreferrer\"><img loading=\"lazy\" decoding=\"async\" class=\"alignnone\" src=\"http:\/\/www.agentur-aim.com\/redball.jpg\" alt=\"\" width=\"10\" height=\"10\" border=\"0\" \/><\/a><\/p>\n<\/td>\n<\/tr>\n<tr>\n<td width=\"523\" height=\"39\"><span style=\"color: #333333; font-family: Arial; font-size: small;\"><b>Audit- und Assessmentsystem in den Anf\u00e4ngen der Reformation der Jahre 1526ff; <\/b>2006<b><br \/>\n<\/b> <\/span><span style=\"color: #808080; font-family: Arial; font-size: xx-small;\">Der Vortrag vor der DGQ Regionalgruppe Frankfurt vom 12.10.2006 besch\u00e4ftigt sich mit den Urkunden zu den ersten Pfarrbewertungen. Sie sind verd\u00e4chtig \u00e4hnlich wie heutige QM-Audits und Assessmentsystem aufgebaut; und das im Jahre 1526.<\/span><\/td>\n<td width=\"54\" height=\"39\">\n<p align=\"center\"><span style=\"font-family: Arial;\">  <a href=\"agentur-aim.com\/downloads\/wirtschaft\/QM+Auditsysteme-anno1526.pdf\" target=\"_blank\" rel=\"noopener noreferrer\"><img loading=\"lazy\" decoding=\"async\" class=\"alignnone\" src=\"http:\/\/www.agentur-aim.com\/redball.jpg\" alt=\"\" width=\"10\" height=\"10\" border=\"0\" \/><\/a><\/span><\/p>\n<\/td>\n<\/tr>\n<tr>\n<td align=\"left\" valign=\"top\" width=\"523\" height=\"42\"><b> <span style=\"color: #333333; font-family: Arial; font-size: small;\">Helvetia<\/span><\/b> <span style=\"color: #333333; font-family: Arial; font-size: small;\"><b>Versicherungen; <\/b> 2005<\/span><span style=\"color: #808080; font-family: Arial; font-size: xx-small;\">Ethik und Erfolg \u2013 Wie kann ethisches Verhalten wirtschaftlichen Erfolg beeinflussen?<\/span><\/td>\n<td width=\"54\" height=\"42\">\n<p align=\"center\"><a href=\"agentur-aim.com\/downloads\/forum\/vortraege\/helvetia%20vortrag.pdf\" target=\"_blank\" rel=\"noopener noreferrer\"><img loading=\"lazy\" decoding=\"async\" class=\"alignnone\" src=\"http:\/\/www.agentur-aim.com\/redball.jpg\" alt=\"\" width=\"10\" height=\"10\" border=\"0\" \/><\/a><\/p>\n<\/td>\n<\/tr>\n<tr>\n<td width=\"523\" height=\"39\"><span style=\"color: #333333;\"><b><span style=\"font-family: Arial; font-size: small;\">Ethik in der Wirtschaft<\/span><\/b><span style=\"font-family: Arial; font-size: xx-small;\"><br \/>\n<\/span><\/span> <span style=\"color: #808080; font-family: Arial; font-size: xx-small;\">Ann\u00e4herung, Wege und Beispiele &#8211; Vortrag im Fachbereich Wirtschaftswissenschaften der Universit\u00e4t Gie\u00dfen (Ver\u00f6ffentlicht in: Giessener Hochschulgespr\u00e4che &amp; Hochschulpredigten I, WS 2001\/2002; S.43-68)<\/span><\/td>\n<td width=\"54\" height=\"39\">\n<p align=\"center\"><span style=\"font-family: Arial;\">  <a href=\"agentur-aim.com\/downloads\/wirtschaft\/ethik%20in%20der%20wirtschaft.pdf\" target=\"_blank\" rel=\"noopener noreferrer\"><img loading=\"lazy\" decoding=\"async\" class=\"alignnone\" src=\"http:\/\/www.agentur-aim.com\/redball.jpg\" alt=\"\" width=\"10\" height=\"10\" border=\"0\" \/><\/a><\/span><\/p>\n<\/td>\n<\/tr>\n<tr>\n<td width=\"523\" height=\"42\"><b> <span style=\"color: #333333; font-family: Arial; font-size: small;\">AEU &#8211; Forum 1998 &#8222;Marketing \u2013 Irrweg oder Gebot der Vernunft?<\/span><\/b><span style=\"color: #808080; font-family: Arial; font-size: xx-small;\">Vom Nutzen des Marketings f\u00fcr die Kirche&#8220; (26.\/27. August 1998)<br \/>\nDownload: Text zum Workshop &#8218; Evangelium als Produkt &#8211; Kirchliches Angebot und Kundenorientierung&#8216;<\/span><\/td>\n<td width=\"54\" height=\"42\">\n<p align=\"center\"><a href=\"agentur-aim.com\/downloads\/forum\/vortraege\/Evangelium%20als%20Produkt.pdf\" target=\"_blank\" rel=\"noopener noreferrer\"><img loading=\"lazy\" decoding=\"async\" class=\"alignnone\" src=\"http:\/\/www.agentur-aim.com\/redball.jpg\" alt=\"\" width=\"10\" height=\"10\" border=\"0\" \/><\/a><\/p>\n<\/td>\n<\/tr>\n<tr>\n<td width=\"523\" height=\"94\"><span style=\"color: #333333;\"> <span style=\"font-family: Arial; font-size: small;\"><strong>Personalbewertung und Personaleinsatz<\/strong><\/span><span style=\"font-family: Arial; font-size: xx-small;\"><br \/>\n<\/span><\/span><span style=\"font-family: Arial; font-size: xx-small;\">in: Handbuch Unternehmen Kirche 6\/97<span style=\"color: #808080;\"><br \/>\nWie Personalbewertungen und ein effektiver Einsatz des vorhandenen Personals erzielt werden kann, wird anhand des Assessment &#8211; Systems der Agentur &#8211; aim, ARS &#8211; Assessment Rating System, dargestellt. Das zugrundeliegende Assessment &#8211; System erm\u00f6glicht einerseits mittels einer kompletten Struktur, die Personalauswahl neuer Mitarbeiter zielgerichtet zu f\u00fchren, und andererseits eine Personalpotential-Analyse zur Steigerung der Mitarbeiterpotentiale umzusetzen. ARS ist ein eingetragenes System der Agentur &#8211; aim.<\/span><\/span><\/td>\n<td width=\"54\" height=\"94\"><\/td>\n<\/tr>\n<tr>\n<td width=\"523\" height=\"84\"><span style=\"color: #333333;\"> <span style=\"font-family: Arial; font-size: small;\"><strong>Die Herausforderung der Zukunft &#8211; Anregungen f\u00fcr eine marktwirtschaftliche Kirchenstruktur<\/strong><\/span><span style=\"font-family: Arial; font-size: xx-small;\"><br \/>\n<\/span><\/span><span style=\"font-family: Arial; font-size: xx-small;\">in: Dt. Pfarrerblatt 12\/95<span style=\"color: #808080;\"><br \/>\nF\u00fchrungs- und Organisationsherausforderung werden in diesem Artikel anhand des &#8218;klassischen Non-Profit Unternehmens&#8216;, die Kirche, dargestellt. Diese ungew\u00f6hnliche Auseinandersetzung entspringt der Beratung kirchlicher Organisationen und deren aktuellen Problemen.<\/span><\/span><\/td>\n<td width=\"54\" height=\"84\"><\/td>\n<\/tr>\n<tr>\n<td width=\"523\" height=\"120\">\n<p dir=\"ltr\"><span style=\"color: #333333; font-family: Arial; font-size: small;\"><strong>Lean Management &#8211; Japanischer Exportschlager mit T\u00fccken<\/strong><strong><br \/>\n<\/strong><\/span><span style=\"font-family: Arial; font-size: xx-small;\">in: Gabler&#8217;s Magazin, 10\/94<\/span><span style=\"color: #808080; font-family: Arial; font-size: xx-small;\"><br \/>\nIn diesem Artikel, der auf einem Vortrag f\u00fcr die F\u00fchrungskr\u00e4fte der Adam Opel AG, Werk Bochum, 1993 basiert, behandelt Dieter Becker, der Inhaber der Agentur, auf dem Hintergrund eines kulturellen Vergleichs zwischen Japan und Deutschland, die Chancen und Risiken einer Adaption der Bausteine und Techniken von Lean Management.<br \/>\nDie Erkenntnisse f\u00fcr die Organisationsver\u00e4nderungen, die in diesem Artikel zugrunde liegen, versuchen &#8211; erstmals im deutschsprachigen Raum- kulturelle Bedingungen von Lean Management f\u00fcr den westlichen Kulturkreis zu betrachten und effiziente Organisationshilfen an die Hand zu geben.<\/span><\/p>\n<\/td>\n<td width=\"54\" height=\"120\">\n<p align=\"center\"><span style=\"font-family: Arial;\">  <a href=\"agentur-aim.com\/downloads\/wirtschaft\/Japanischer%20Exportschlager.pdf\" target=\"_blank\" rel=\"noopener noreferrer\"><img loading=\"lazy\" decoding=\"async\" class=\"alignnone\" src=\"http:\/\/www.agentur-aim.com\/redball.jpg\" alt=\"\" width=\"10\" height=\"10\" border=\"0\" \/><\/a><\/span><\/p>\n<\/td>\n<\/tr>\n<tr>\n<td colspan=\"2\" align=\"right\" width=\"577\" height=\"1\"><\/td>\n<\/tr>\n<tr>\n<td colspan=\"2\" align=\"right\" width=\"577\" height=\"1\"><\/td>\n<\/tr>\n<tr>\n<td width=\"706\" height=\"8\"><\/td>\n<td height=\"8\"><\/td>\n<\/tr>\n<tr>\n<td colspan=\"2\" align=\"right\" width=\"577\" height=\"1\">\n<p align=\"left\"><span style=\"color: #cc0000; font-family: Arial; font-size: small;\"><b>Besuchen Sie auch unseren Verlag\u00a0 <a href=\"http:\/\/www.aim-verlagshaus.de\/\" target=\"_blank\" rel=\"noopener noreferrer\"> <img loading=\"lazy\" decoding=\"async\" src=\"http:\/\/www.agentur-aim.com\/Logo%20AIM%20V.jpg\" alt=\"\" width=\"113\" height=\"34\" align=\"middle\" border=\"0\" hspace=\"0\" \/><\/a><\/b><\/span><\/p>\n<\/td>\n<\/tr>\n<\/tbody>\n<\/table>\n","protected":false},"excerpt":{"rendered":"<p>Vortr\u00e4ge (Auszug) Download Ethik als Dienstleistung (Artikel); 2001 Artikel aus nachfolgender Vorlesung samt inhaltlicher Pr\u00e4zisierung (Wortneusch\u00f6pfung: Distingenz) Der Artikel beschreibt, dass die Rolle der Ethik als moralische Instanz ausgedient hat und selten zu aktiven ethischer Praxis f\u00fchrt. Im Artikel wird ausgef\u00fchrt, das Ethik als in Unternehmen einsetzbare Dienstleistung verstanden werden kann, um verantwortliches Handeln strukturell [&hellip;]<\/p>\n","protected":false},"author":1,"featured_media":0,"parent":0,"menu_order":0,"comment_status":"closed","ping_status":"closed","template":"","meta":{"footnotes":""},"class_list":["post-61","page","type-page","status-publish","hentry"],"_links":{"self":[{"href":"https:\/\/www.agentur-aim.com\/index.php?rest_route=\/wp\/v2\/pages\/61","targetHints":{"allow":["GET"]}}],"collection":[{"href":"https:\/\/www.agentur-aim.com\/index.php?rest_route=\/wp\/v2\/pages"}],"about":[{"href":"https:\/\/www.agentur-aim.com\/index.php?rest_route=\/wp\/v2\/types\/page"}],"author":[{"embeddable":true,"href":"https:\/\/www.agentur-aim.com\/index.php?rest_route=\/wp\/v2\/users\/1"}],"replies":[{"embeddable":true,"href":"https:\/\/www.agentur-aim.com\/index.php?rest_route=%2Fwp%2Fv2%2Fcomments&post=61"}],"version-history":[{"count":9,"href":"https:\/\/www.agentur-aim.com\/index.php?rest_route=\/wp\/v2\/pages\/61\/revisions"}],"predecessor-version":[{"id":344,"href":"https:\/\/www.agentur-aim.com\/index.php?rest_route=\/wp\/v2\/pages\/61\/revisions\/344"}],"wp:attachment":[{"href":"https:\/\/www.agentur-aim.com\/index.php?rest_route=%2Fwp%2Fv2%2Fmedia&parent=61"}],"curies":[{"name":"wp","href":"https:\/\/api.w.org\/{rel}","templated":true}]}}