{"id":47,"date":"2016-01-30T17:26:56","date_gmt":"2016-01-30T15:26:56","guid":{"rendered":"http:\/\/www.agentur-aim.com\/aim2\/?page_id=47"},"modified":"2016-01-30T18:21:58","modified_gmt":"2016-01-30T16:21:58","slug":"der-antrieb-der-agentur-aim","status":"publish","type":"page","link":"https:\/\/www.agentur-aim.com\/?page_id=47","title":{"rendered":"Unser Antrieb"},"content":{"rendered":"<p>Als Agentur f\u00fcr Strategie-, Wirtschafts- und Unternehmensberatung mit dem Schwerpunkt Realisierung besch\u00e4ftigen wir uns mit Organisationen und ihren Anforderungen im jeweiligen Marktumfeld.<\/p>\n<p>Strategiefragen und Zukunftserwartungen projektieren wir in operative Ma\u00dfnahmen. Ohne das Gesamtproblem au\u00dfer Acht zu lassen wirken wir optimierend ein auf die Interdependenz zwischen betrieblichen Prozessen und der Unternehmenskommunikation.<\/p>\n<p>Eine wichtige Erkenntnis leitet dabei unseren Beratungsansatz: Nur als Personaltrainer kann es uns gelingen, die Kompetenz, Kreativit\u00e4t und Prozessstringenz mit den Mitarbeiter, den F\u00fchrungskr\u00e4ften, den Kunden umzusetzen.<\/p>\n<ul>\n<li>Die Menschen in der Organisation sehen wir in Ihren Funktions-, Aufgaben- und Gestaltungsfeldern.<\/li>\n<li>Die Prozesse bilden dabei einerseits die Leitlinien und Kreativoptionen f\u00fcr die Menschen in der Organisation.<\/li>\n<li>Die Menschen als Kunden sind die Referenzpunkte zur Verbesserung der Produkt-, Organisations- und Imagebeziehung.<\/li>\n<\/ul>\n","protected":false},"excerpt":{"rendered":"<p>Als Agentur f\u00fcr Strategie-, Wirtschafts- und Unternehmensberatung mit dem Schwerpunkt Realisierung besch\u00e4ftigen wir uns mit Organisationen und ihren Anforderungen im jeweiligen Marktumfeld. Strategiefragen und Zukunftserwartungen projektieren wir in operative Ma\u00dfnahmen. Ohne das Gesamtproblem au\u00dfer Acht zu lassen wirken wir optimierend ein auf die Interdependenz zwischen betrieblichen Prozessen und der Unternehmenskommunikation. Eine wichtige Erkenntnis leitet dabei [&hellip;]<\/p>\n","protected":false},"author":1,"featured_media":0,"parent":0,"menu_order":0,"comment_status":"closed","ping_status":"closed","template":"","meta":{"footnotes":""},"class_list":["post-47","page","type-page","status-publish","hentry"],"_links":{"self":[{"href":"https:\/\/www.agentur-aim.com\/index.php?rest_route=\/wp\/v2\/pages\/47","targetHints":{"allow":["GET"]}}],"collection":[{"href":"https:\/\/www.agentur-aim.com\/index.php?rest_route=\/wp\/v2\/pages"}],"about":[{"href":"https:\/\/www.agentur-aim.com\/index.php?rest_route=\/wp\/v2\/types\/page"}],"author":[{"embeddable":true,"href":"https:\/\/www.agentur-aim.com\/index.php?rest_route=\/wp\/v2\/users\/1"}],"replies":[{"embeddable":true,"href":"https:\/\/www.agentur-aim.com\/index.php?rest_route=%2Fwp%2Fv2%2Fcomments&post=47"}],"version-history":[{"count":4,"href":"https:\/\/www.agentur-aim.com\/index.php?rest_route=\/wp\/v2\/pages\/47\/revisions"}],"predecessor-version":[{"id":86,"href":"https:\/\/www.agentur-aim.com\/index.php?rest_route=\/wp\/v2\/pages\/47\/revisions\/86"}],"wp:attachment":[{"href":"https:\/\/www.agentur-aim.com\/index.php?rest_route=%2Fwp%2Fv2%2Fmedia&parent=47"}],"curies":[{"name":"wp","href":"https:\/\/api.w.org\/{rel}","templated":true}]}}